{"id":320,"date":"2024-11-12T20:56:45","date_gmt":"2024-11-12T20:56:45","guid":{"rendered":"https:\/\/www.vegmai.com\/?post_type=product&#038;p=320"},"modified":"2024-11-12T20:58:46","modified_gmt":"2024-11-12T20:58:46","slug":"protector-enchufes-transparente","status":"publish","type":"product","link":"https:\/\/www.vegmai.com\/index.php\/producto\/protector-enchufes-transparente\/","title":{"rendered":"Protector Enchufes (Transparente)"},"content":{"rendered":"<p><span class=\"a-text-bold\">PROTEC-PLUG de <strong>VegMai<\/strong> es una gran opci\u00f3n para la seguridad de su hijo.\u00a0<\/span>los peque\u00f1os son extremadamente curiosos y es de vital importancia, su seguridad y atenci\u00f3n. El art\u00edculo es realmente muy conveniente para los beb\u00e9s y ni\u00f1os peque\u00f1os. Evitara que introduzcan objetos o sus dedos peque\u00f1os, ya que ellos son atra\u00eddos por a los agujeros. Estos controles parentales son f\u00e1ciles de instalar en la toma de corriente, ademas de ser muy buena solucion, es f\u00e1cil para los padres (tutores), llevar acavo la instalacion. Ademas, las cubiertas blancas se combinan muy bien con las tomas, y reducir\u00e1n la atenci\u00f3n de su beb\u00e9 y ni\u00f1os.<\/p>\n<p><strong><span class=\"a-text-bold\">FUNCIONAMIENTO CONVENIENTE:<\/span><\/strong><\/p>\n<p><strong>1.<\/strong> Simplemente empuje el enchufe en los orificios del recept\u00e1culo y luego gire el enchufe 90 \u00b0 hacia la derecha.<\/p>\n<p><strong>2.<\/strong> Cuando no lo use, el mecanismo giratorio puede ocultar autom\u00e1ticamente los agujeros de los enchufes.<\/p>\n<p><strong><span class=\"a-text-bold\">F\u00c1CIL INSTALACI\u00d3N:<\/span><\/strong><\/p>\n<p><strong>1.<\/strong> Limpiar toma y secar ( POR SEGURIDAD CORTEN LA CORIENTE GENERAL O DE LA ZONA A MANIPULAR).<\/p>\n<p><strong>2.<\/strong> Durante la instalaci\u00f3n, mantenga por lo menos 60 segundos cada lado con firmeza. Espere al menos 24 horas para toda la responsabilidad antes de la prueba.<\/p>\n<p><strong>3.<\/strong> Para retirar el protector, sin da\u00f1ar el enchufe, lo calentamos con un secador de cabello durante 3-5 minutos y luego retiramos.<\/p>\n<p><strong><span class=\"a-text-bold\">EL PAQUETE INCLUYE:<\/span><\/strong><\/p>\n<p>20 X Tapas para enchufes.<\/p>\n","protected":false},"excerpt":{"rendered":"<ul class=\"a-unordered-list a-vertical a-spacing-mini\">\n<li class=\"a-spacing-mini\"><span class=\"a-list-item\">\ud83d\uded1 <strong>PROTEJA A SUS BEB\u00c9S Y NI\u00d1OS DE LA ELECTRICIDAD DE LOS ENCHUFES:<\/strong> La curiosidad de los beb\u00e9s y los ni\u00f1os es bien conocida y, por eso, protegerlos ante los peligros como la electricidad de los enchufes es sumamente importante. Prot\u00e9jalos mediante nuestra protecci\u00f3n infantil con mecanismo de giro autom\u00e1tico. A diferencia de los tapones que puede encontrar en el mercado, nuestro protector permite seguir utilizando el enchufe.<\/span><\/li>\n<li class=\"a-spacing-mini\"><span class=\"a-list-item\">\u2714\ufe0f FABRICADO CON MATERIALES HOMOLOGADOS: Nuestros protectores de enchufes el\u00e9ctricos est\u00e1n fabricados mediante pl\u00e1sticos ABS ign\u00edfugo retardante del fuego y de la llama. Material 100% seguro, no t\u00f3xico, totalmente aislante y que no desprende ning\u00fan tipo de olor.<\/span><\/li>\n<li class=\"a-spacing-mini\"><span class=\"a-list-item\">\u2699\ufe0f <strong>MECANISMO SENCILLO Y FUNCIONAL:<\/strong> El mecanismo de rotaci\u00f3n o de giro funciona autom\u00e1ticamente. Cuando el protector est\u00e1 activado y quiere conectar un enchufe, simplemente tiene que colocar el enchufe en los dos agujeros del mecanismo y girarlo 90 grados a la derecha hasta que el mecanismo le permita introducir totalmente el enchufe. Cuando se quita el enchufe el mecanismo de giro gira autom\u00e1ticamente 90 grados hacia la izquierda para dejar el enchufe totalmente protegido.<\/span><\/li>\n<li class=\"a-spacing-mini\"><span class=\"a-list-item\">\ud83d\udc4d <strong>F\u00c1CIL DE INSTALAR Y SIN HERRAMIENTAS:<\/strong> Nuestro protector se instala f\u00e1cilmente sin ning\u00fan tipo de herramienta y sin necesidad de desmontar el enchufe. Dispone de adhesivo integrado en el propio dispositivo 3M de m\u00e1xima adherencia que permite instalarlo r\u00e1pidamente y sin complicaciones. Tambi\u00e9n es posible sacarlo en el futuro, si ya no se desea seguir utilizando la tapa, pero es lo suficientemente fuerte para asegurar que ning\u00fan bebe o ni\u00f1o pueda arrancarlo o sacarlo.<\/span><\/li>\n<li class=\"a-spacing-mini\"><span class=\"a-list-item\">\ud83d\udce6 <strong>CONTENIDO DEL KIT DE PROTECCI\u00d3N:<\/strong> 20 tapas\/protector de enchufe el\u00e9ctrico.<\/span><\/li>\n<\/ul>\n","protected":false},"featured_media":0,"comment_status":"open","ping_status":"closed","template":"","meta":{"site-sidebar-layout":"default","site-content-layout":"","ast-site-content-layout":"default","site-content-style":"default","site-sidebar-style":"default","ast-global-header-display":"","ast-banner-title-visibility":"","ast-main-header-display":"","ast-hfb-above-header-display":"","ast-hfb-below-header-display":"","ast-hfb-mobile-header-display":"","site-post-title":"","ast-breadcrumbs-content":"","ast-featured-img":"","footer-sml-layout":"","ast-disable-related-posts":"","theme-transparent-header-meta":"default","adv-header-id-meta":"","stick-header-meta":"","header-above-stick-meta":"","header-main-stick-meta":"","header-below-stick-meta":"","astra-migrate-meta-layouts":"set","ast-page-background-enabled":"default","ast-page-background-meta":{"desktop":{"background-color":"var(--ast-global-color-4)","background-image":"","background-repeat":"repeat","background-position":"center center","background-size":"auto","background-attachment":"scroll","background-type":"","background-media":"","overlay-type":"","overlay-color":"","overlay-opacity":"","overlay-gradient":""},"tablet":{"background-color":"","background-image":"","background-repeat":"repeat","background-position":"center center","background-size":"auto","background-attachment":"scroll","background-type":"","background-media":"","overlay-type":"","overlay-color":"","overlay-opacity":"","overlay-gradient":""},"mobile":{"background-color":"","background-image":"","background-repeat":"repeat","background-position":"center center","background-size":"auto","background-attachment":"scroll","background-type":"","background-media":"","overlay-type":"","overlay-color":"","overlay-opacity":"","overlay-gradient":""}},"ast-content-background-meta":{"desktop":{"background-color":"var(--ast-global-color-5)","background-image":"","background-repeat":"repeat","background-position":"center center","background-size":"auto","background-attachment":"scroll","background-type":"","background-media":"","overlay-type":"","overlay-color":"","overlay-opacity":"","overlay-gradient":""},"tablet":{"background-color":"var(--ast-global-color-5)","background-image":"","background-repeat":"repeat","background-position":"center center","background-size":"auto","background-attachment":"scroll","background-type":"","background-media":"","overlay-type":"","overlay-color":"","overlay-opacity":"","overlay-gradient":""},"mobile":{"background-color":"var(--ast-global-color-5)","background-image":"","background-repeat":"repeat","background-position":"center center","background-size":"auto","background-attachment":"scroll","background-type":"","background-media":"","overlay-type":"","overlay-color":"","overlay-opacity":"","overlay-gradient":""}}},"product_brand":[],"product_cat":[23],"product_tag":[],"class_list":{"0":"post-320","1":"product","2":"type-product","3":"status-publish","5":"product_cat-seguridad","6":"desktop-align-center","7":"tablet-align-left","8":"mobile-align-left","9":"ast-product-gallery-layout-horizontal-slider","10":"ast-product-tabs-layout-horizontal","12":"first","13":"instock","14":"sale","15":"taxable","16":"shipping-taxable","17":"purchasable","18":"product-type-simple"},"_links":{"self":[{"href":"https:\/\/www.vegmai.com\/index.php\/wp-json\/wp\/v2\/product\/320","targetHints":{"allow":["GET"]}}],"collection":[{"href":"https:\/\/www.vegmai.com\/index.php\/wp-json\/wp\/v2\/product"}],"about":[{"href":"https:\/\/www.vegmai.com\/index.php\/wp-json\/wp\/v2\/types\/product"}],"replies":[{"embeddable":true,"href":"https:\/\/www.vegmai.com\/index.php\/wp-json\/wp\/v2\/comments?post=320"}],"wp:attachment":[{"href":"https:\/\/www.vegmai.com\/index.php\/wp-json\/wp\/v2\/media?parent=320"}],"wp:term":[{"taxonomy":"product_brand","embeddable":true,"href":"https:\/\/www.vegmai.com\/index.php\/wp-json\/wp\/v2\/product_brand?post=320"},{"taxonomy":"product_cat","embeddable":true,"href":"https:\/\/www.vegmai.com\/index.php\/wp-json\/wp\/v2\/product_cat?post=320"},{"taxonomy":"product_tag","embeddable":true,"href":"https:\/\/www.vegmai.com\/index.php\/wp-json\/wp\/v2\/product_tag?post=320"}],"curies":[{"name":"wp","href":"https:\/\/api.w.org\/{rel}","templated":true}]}}