{"id":2,"date":"2023-01-25T12:32:10","date_gmt":"2023-01-25T12:32:10","guid":{"rendered":"https:\/\/www.vegmai.com\/?page_id=2"},"modified":"2025-05-22T12:15:14","modified_gmt":"2025-05-22T12:15:14","slug":"sample-page","status":"publish","type":"page","link":"https:\/\/www.vegmai.com\/","title":{"rendered":"Inicio"},"content":{"rendered":"\n<div class=\"wp-block-group alignfull is-layout-flow wp-block-group-is-layout-flow\" style=\"margin-top:0;margin-bottom:0;padding-top:calc( 0.5 * var(--wp--style--root--padding-right, var(--wp--custom--gap--horizontal)));padding-right:var(--wp--style--root--padding-right, var(--wp--custom--gap--horizontal));padding-bottom:calc( 0.5 * var(--wp--style--root--padding-right, var(--wp--custom--gap--horizontal)));padding-left:var(--wp--style--root--padding-left, var(--wp--custom--gap--horizontal))\">\n<div class=\"wp-block-cover alignwide has-custom-content-position is-position-top-left\" style=\"margin-top:0;margin-bottom:0;padding-top:20px;padding-right:0px;padding-bottom:0px;padding-left:40px;min-height:500px;aspect-ratio:unset;\"><img decoding=\"async\" class=\"wp-block-cover__image-background wp-image-365\" alt=\"\" src=\"https:\/\/www.vegmai.com\/wp-content\/uploads\/2025\/04\/baby-5953965-scaled.jpg\" style=\"object-position:47% 76%\" data-object-fit=\"cover\" data-object-position=\"47% 76%\"\/><span aria-hidden=\"true\" class=\"wp-block-cover__background has-background-dim-20 has-background-dim\"><\/span><div class=\"wp-block-cover__inner-container is-layout-flow wp-container-core-cover-is-layout-3f858add wp-block-cover-is-layout-flow\">\n<h1 class=\"wp-block-heading has-white-color has-text-color has-link-color has-large-font-size wp-elements-b966d5c83be79b506cc1fe414af04726\">Acompa\u00f1aros en la preciosa aventura de ser padres, es nuestra gran ilusi\u00f3n.<\/h1>\n\n\n\n<div class=\"wp-block-columns is-layout-flex wp-container-core-columns-is-layout-28f84493 wp-block-columns-is-layout-flex\">\n<div class=\"wp-block-column is-layout-flow wp-block-column-is-layout-flow\" style=\"flex-basis:40%\">\n<h4 class=\"wp-block-heading has-ast-global-color-5-color has-text-color has-link-color has-medium-font-size wp-elements-ac6300a8d4c3bc60309408d998a03b30\" style=\"border-style:none;border-width:0px;border-radius:0px;padding-right:0;padding-left:0\">Nuestra gran experiencia, ara que sea un camino para disfrutar de una forma sencilla, practica, c\u00f3moda y agradable.<\/h4>\n<\/div>\n\n\n\n<div class=\"wp-block-column is-layout-flow wp-block-column-is-layout-flow\"><\/div>\n<\/div>\n\n\n\n<div style=\"height:200px\" aria-hidden=\"true\" class=\"wp-block-spacer\"><\/div>\n\n\n\n<div class=\"wp-block-buttons has-custom-font-size has-small-font-size is-horizontal is-content-justification-left is-nowrap is-layout-flex wp-container-core-buttons-is-layout-9f505d71 wp-block-buttons-is-layout-flex\" style=\"border-style:none;border-width:0px;border-radius:0px;margin-top:0;margin-bottom:0;padding-top:0;padding-right:0;padding-bottom:0;padding-left:0\">\n<div class=\"wp-block-button\"><a class=\"wp-block-button__link has-medium-font-size has-custom-font-size wp-element-button\" href=\"https:\/\/www.vegmai.com\/index.php\/tienda\/\" style=\"padding-right:var(--wp--preset--spacing--30);padding-left:var(--wp--preset--spacing--30)\">Nuestros Productos<\/a><\/div>\n<\/div>\n<\/div><\/div>\n<\/div>\n\n\n\n<div class=\"wp-block-group alignfull is-layout-flow wp-block-group-is-layout-flow\" style=\"margin-top:0;margin-bottom:0;padding-top:calc( 0.5 * var(--wp--style--root--padding-right, var(--wp--custom--gap--horizontal)));padding-right:var(--wp--style--root--padding-right, var(--wp--custom--gap--horizontal));padding-bottom:calc( 0.5 * var(--wp--style--root--padding-right, var(--wp--custom--gap--horizontal)));padding-left:var(--wp--style--root--padding-left, var(--wp--custom--gap--horizontal))\">\n<div style=\"height:25px\" aria-hidden=\"true\" class=\"wp-block-spacer\"><\/div>\n\n\n\n<h2 class=\"wp-block-heading has-text-align-center has-large-font-size\">Lo mas vendido y deseado<\/h2>\n\n\n\n<div style=\"height:25px\" aria-hidden=\"true\" class=\"wp-block-spacer\"><\/div>\n\n\n<div data-align-buttons=\"true\" data-block-name=\"woocommerce\/product-best-sellers\" data-content-visibility=\"{&quot;image&quot;:true,&quot;title&quot;:false,&quot;price&quot;:false,&quot;rating&quot;:false,&quot;button&quot;:false}\" data-orderby=\"date\" data-rows=\"1\" data-stock-status=\"[&quot;instock&quot;,&quot;outofstock&quot;,&quot;onbackorder&quot;]\" class=\"wc-block-grid wp-block-product-best-sellers wp-block-woocommerce-product-best-sellers wc-block-product-best-sellers has-3-columns has-aligned-buttons\"><ul class=\"wc-block-grid__products\"><li class=\"wc-block-grid__product\">\n\t\t\t\t<a href=\"https:\/\/www.vegmai.com\/index.php\/producto\/hebilla-houdini-stop\/\" class=\"wc-block-grid__product-link\">\n\t\t\t\t\t\n\t\t\t\t\t<div class=\"wc-block-grid__product-image\"><img fetchpriority=\"high\" decoding=\"async\" width=\"300\" height=\"300\" src=\"https:\/\/www.vegmai.com\/wp-content\/uploads\/woocommerce-placeholder.png\" class=\"woocommerce-placeholder wp-post-image\" alt=\"\" srcset=\"https:\/\/www.vegmai.com\/wp-content\/uploads\/woocommerce-placeholder.png 1200w, https:\/\/www.vegmai.com\/wp-content\/uploads\/woocommerce-placeholder-300x300.png 300w, https:\/\/www.vegmai.com\/wp-content\/uploads\/woocommerce-placeholder-1024x1024.png 1024w, https:\/\/www.vegmai.com\/wp-content\/uploads\/woocommerce-placeholder-150x150.png 150w, https:\/\/www.vegmai.com\/wp-content\/uploads\/woocommerce-placeholder-768x768.png 768w\" sizes=\"(max-width: 300px) 100vw, 300px\" \/><\/div>\n\t\t\t\t\t\n\t\t\t\t<\/a>\n\t\t\t\t\n\t\t\t\t\n\t\t\t\t\n\t\t\t<\/li><li class=\"wc-block-grid__product\">\n\t\t\t\t<a href=\"https:\/\/www.vegmai.com\/index.php\/producto\/protector-enchufes-transparente\/\" class=\"wc-block-grid__product-link\">\n\t\t\t\t\t\n\t\t\t\t\t<div class=\"wc-block-grid__product-image\"><img fetchpriority=\"high\" decoding=\"async\" width=\"300\" height=\"300\" src=\"https:\/\/www.vegmai.com\/wp-content\/uploads\/woocommerce-placeholder.png\" class=\"woocommerce-placeholder wp-post-image\" alt=\"\" srcset=\"https:\/\/www.vegmai.com\/wp-content\/uploads\/woocommerce-placeholder.png 1200w, https:\/\/www.vegmai.com\/wp-content\/uploads\/woocommerce-placeholder-300x300.png 300w, https:\/\/www.vegmai.com\/wp-content\/uploads\/woocommerce-placeholder-1024x1024.png 1024w, https:\/\/www.vegmai.com\/wp-content\/uploads\/woocommerce-placeholder-150x150.png 150w, https:\/\/www.vegmai.com\/wp-content\/uploads\/woocommerce-placeholder-768x768.png 768w\" sizes=\"(max-width: 300px) 100vw, 300px\" \/><\/div>\n\t\t\t\t\t\n\t\t\t\t<\/a>\n\t\t\t\t\n\t\t\t\t\n\t\t\t\t\n\t\t\t<\/li><li class=\"wc-block-grid__product\">\n\t\t\t\t<a href=\"https:\/\/www.vegmai.com\/index.php\/producto\/protector-enchufes-negro\/\" class=\"wc-block-grid__product-link\">\n\t\t\t\t\t\n\t\t\t\t\t<div class=\"wc-block-grid__product-image\"><img fetchpriority=\"high\" decoding=\"async\" width=\"300\" height=\"300\" src=\"https:\/\/www.vegmai.com\/wp-content\/uploads\/woocommerce-placeholder.png\" class=\"woocommerce-placeholder wp-post-image\" alt=\"\" srcset=\"https:\/\/www.vegmai.com\/wp-content\/uploads\/woocommerce-placeholder.png 1200w, https:\/\/www.vegmai.com\/wp-content\/uploads\/woocommerce-placeholder-300x300.png 300w, https:\/\/www.vegmai.com\/wp-content\/uploads\/woocommerce-placeholder-1024x1024.png 1024w, https:\/\/www.vegmai.com\/wp-content\/uploads\/woocommerce-placeholder-150x150.png 150w, https:\/\/www.vegmai.com\/wp-content\/uploads\/woocommerce-placeholder-768x768.png 768w\" sizes=\"(max-width: 300px) 100vw, 300px\" \/><\/div>\n\t\t\t\t\t\n\t\t\t\t<\/a>\n\t\t\t\t\n\t\t\t\t\n\t\t\t\t\n\t\t\t<\/li><\/ul><\/div><\/div>\n\n\n\n<div class=\"wp-block-group alignfull is-layout-flow wp-block-group-is-layout-flow\" style=\"margin-top:0;margin-bottom:0;padding-top:calc( 0.5 * var(--wp--style--root--padding-right, var(--wp--custom--gap--horizontal)));padding-right:var(--wp--style--root--padding-right, var(--wp--custom--gap--horizontal));padding-bottom:calc( 0.5 * var(--wp--style--root--padding-right, var(--wp--custom--gap--horizontal)));padding-left:var(--wp--style--root--padding-left, var(--wp--custom--gap--horizontal))\">\n<div class=\"wp-block-cover\"><span aria-hidden=\"true\" class=\"wp-block-cover__background has-ast-global-color-4-background-color has-background-dim-100 has-background-dim\"><\/span><div class=\"wp-block-cover__inner-container is-layout-constrained wp-block-cover-is-layout-constrained\">\n<h2 class=\"wp-block-heading alignwide has-text-align-center\">\ud83c\udf1f\u2b50\ufe0fLo que opinan nuestros clientes \u2b50\ufe0f\ud83c\udf1f<\/h2>\n\n\n\n<div class=\"wp-block-columns alignwide is-layout-flex wp-container-core-columns-is-layout-b06cfa97 wp-block-columns-is-layout-flex\" style=\"padding-top:var(--wp--preset--spacing--30);padding-right:var(--wp--preset--spacing--70);padding-bottom:var(--wp--preset--spacing--30);padding-left:var(--wp--preset--spacing--70)\">\n<div class=\"wp-block-column is-layout-flow wp-block-column-is-layout-flow\">\n<h6 class=\"wp-block-heading has-text-align-center\">Paloma C.<\/h6>\n\n\n\n<p class=\"has-text-align-center\">\u00bb <em>Compramos unas precucharas, nos parecieron geniales, nuestro bebe, se tira todo el d\u00eda con ellas, ya que no solo sirven para que practique el uso de ellas cuando esta comiendo, sino, que tambi\u00e9n son mordedores. Estamos encantados!<\/em> \u00ab<\/p>\n<\/div>\n\n\n\n<div class=\"wp-block-column is-layout-flow wp-block-column-is-layout-flow\">\n<div class=\"wp-block-columns is-layout-flex wp-container-core-columns-is-layout-28f84493 wp-block-columns-is-layout-flex\">\n<div class=\"wp-block-column is-layout-flow wp-block-column-is-layout-flow\" style=\"flex-basis:100%\">\n<div class=\"wp-block-columns is-layout-flex wp-container-core-columns-is-layout-28f84493 wp-block-columns-is-layout-flex\">\n<div class=\"wp-block-column is-layout-flow wp-block-column-is-layout-flow\" style=\"flex-basis:100%\">\n<div class=\"wp-block-group is-layout-constrained wp-block-group-is-layout-constrained\">\n<h6 class=\"wp-block-heading has-text-align-center\">Marcos Perez<\/h6>\n<\/div>\n<\/div>\n<\/div>\n<\/div>\n<\/div>\n\n\n\n<p class=\"has-text-align-center\">\u00bb <em>Nuestro peque, es muy curioso y descubrimos que empezaba a abrir los armarios de casa, suerte que pusimos los cierres transparentes de VegMai, ya que en los armarios bajos de la cocina, tenemos productos de limpieza que podr\u00edan causarle da\u00f1os. Estos cierres son estupendos, f\u00e1ciles de instalar , usar y discretos.<\/em> \u00ab<\/p>\n<\/div>\n\n\n\n<div class=\"wp-block-column is-layout-flow wp-block-column-is-layout-flow\">\n<h6 class=\"wp-block-heading has-text-align-center\">Laura R.<\/h6>\n\n\n\n<p class=\"has-text-align-center\">\u00bb <em>Descubrimos esta marca, y la verdad, que tiene buenos art\u00edculos a un precio razonable, pero sorprende cuando la calidad es superior a la expectativa. Son productos que tienen una gran calidad.<\/em> \u00ab<\/p>\n<\/div>\n<\/div>\n<\/div><\/div>\n<\/div>\n\n\n\n<div class=\"wp-block-group alignfull is-layout-flow wp-block-group-is-layout-flow\" style=\"margin-top:0;margin-bottom:0;padding-top:calc( 0.5 * var(--wp--style--root--padding-right, var(--wp--custom--gap--horizontal)));padding-right:var(--wp--style--root--padding-right, var(--wp--custom--gap--horizontal));padding-bottom:calc( 0.5 * var(--wp--style--root--padding-right, var(--wp--custom--gap--horizontal)));padding-left:var(--wp--style--root--padding-left, var(--wp--custom--gap--horizontal))\">\n<div class=\"wp-block-columns is-layout-flex wp-container-core-columns-is-layout-0c25e4aa wp-block-columns-is-layout-flex\" style=\"border-top-style:none;border-top-width:0px;border-right-style:none;border-right-width:0px;border-bottom-color:var(--wp--preset--color--ast-global-color-5);border-bottom-width:50px;border-left-style:none;border-left-width:0px;margin-top:var(--wp--preset--spacing--40);margin-bottom:var(--wp--preset--spacing--40);padding-top:0;padding-right:var(--wp--preset--spacing--30);padding-bottom:0;padding-left:var(--wp--preset--spacing--30)\">\n<div class=\"wp-block-column is-layout-flow wp-block-column-is-layout-flow\">\n<figure class=\"wp-block-image aligncenter size-full is-resized\"><img decoding=\"async\" src=\"https:\/\/www.vegmai.com\/wp-content\/uploads\/2024\/09\/enviado-2.png\" alt=\"\" class=\"wp-image-98\" style=\"width:162px;height:auto\"\/><\/figure>\n\n\n\n<h5 class=\"wp-block-heading has-text-align-center\">Envios en 24\/48 horas<\/h5>\n<\/div>\n\n\n\n<div class=\"wp-block-column is-layout-flow wp-block-column-is-layout-flow\">\n<figure class=\"wp-block-image aligncenter size-full is-resized\"><img decoding=\"async\" src=\"https:\/\/www.vegmai.com\/wp-content\/uploads\/2024\/09\/devoluciones-faciles.png\" alt=\"\" class=\"wp-image-99\" style=\"width:165px;height:auto\"\/><\/figure>\n\n\n\n<h5 class=\"wp-block-heading has-text-align-center\">Devoluciones en 14 dias<\/h5>\n<\/div>\n\n\n\n<div class=\"wp-block-column is-layout-flow wp-block-column-is-layout-flow\">\n<figure class=\"wp-block-image aligncenter size-full is-resized\"><img decoding=\"async\" src=\"https:\/\/www.vegmai.com\/wp-content\/uploads\/2024\/09\/mano.png\" alt=\"\" class=\"wp-image-100\" style=\"width:165px;height:auto\"\/><\/figure>\n\n\n\n<h5 class=\"wp-block-heading has-text-align-center\">Pagos seguros<\/h5>\n<\/div>\n<\/div>\n<\/div>\n\n\n\n<div class=\"wp-block-group alignfull is-layout-flow wp-block-group-is-layout-flow\" style=\"margin-top:0;margin-bottom:0;padding-top:calc( 0.5 * var(--wp--style--root--padding-right, var(--wp--custom--gap--horizontal)));padding-right:var(--wp--style--root--padding-right, var(--wp--custom--gap--horizontal));padding-bottom:calc( 0.5 * var(--wp--style--root--padding-right, var(--wp--custom--gap--horizontal)));padding-left:var(--wp--style--root--padding-left, var(--wp--custom--gap--horizontal))\">\n<div class=\"wp-block-cover\"><span aria-hidden=\"true\" class=\"wp-block-cover__background has-ast-global-color-4-background-color has-background-dim-100 has-background-dim\"><\/span><div class=\"wp-block-cover__inner-container is-layout-constrained wp-block-cover-is-layout-constrained\">\n<h2 class=\"wp-block-heading has-text-align-center\">Art\u00edculos que te ayudaran en este camino tan bonito.<\/h2>\n\n\n<ul class=\"wp-block-latest-posts__list is-grid columns-2 wp-block-latest-posts\"><li><a class=\"wp-block-latest-posts__post-title\" href=\"https:\/\/www.vegmai.com\/index.php\/2024\/07\/07\/como-cuidar-la-piel-del-bebe-consejos-y-recomendaciones\/\">C\u00f3mo Cuidar la Piel del Beb\u00e9<\/a><div class=\"wp-block-latest-posts__post-excerpt\">Consejos y Recomendaciones La piel es el \u00f3rgano m\u00e1s grande de nuestro cuerpo y cumple varias funciones cruciales. Act\u00faa como la primera barrera de protecci\u00f3n contra microorganismos pat\u00f3genos, lesiones mec\u00e1nicas, sustancias qu\u00edmicas y t\u00f3xicas. Adem\u00e1s, la piel regula la temperatura&#8230; <a class=\"wp-block-latest-posts__read-more\" href=\"https:\/\/www.vegmai.com\/index.php\/2024\/07\/07\/como-cuidar-la-piel-del-bebe-consejos-y-recomendaciones\/\" rel=\"noopener noreferrer\">Lee m\u00e1s<span class=\"screen-reader-text\">: C\u00f3mo Cuidar la Piel del Beb\u00e9<\/span><\/a><\/div><\/li>\n<li><a class=\"wp-block-latest-posts__post-title\" href=\"https:\/\/www.vegmai.com\/index.php\/2023\/01\/25\/hello-world\/\">El Embarazo<\/a><div class=\"wp-block-latest-posts__post-excerpt\">Una Etapa \u00danica y Transformadora en la Vida de una Mujer El embarazo es, sin duda, una de las etapas m\u00e1s hermosas y gratificantes en la vida de una mujer. Sin embargo, tambi\u00e9n es una de las m\u00e1s complejas y&#8230; <a class=\"wp-block-latest-posts__read-more\" href=\"https:\/\/www.vegmai.com\/index.php\/2023\/01\/25\/hello-world\/\" rel=\"noopener noreferrer\">Lee m\u00e1s<span class=\"screen-reader-text\">: El Embarazo<\/span><\/a><\/div><\/li>\n<\/ul><\/div><\/div>\n<\/div>\n","protected":false},"excerpt":{"rendered":"<p>Lo mas vendido y deseado Envios en 24\/48 horas Devoluciones en 14 dias Pagos seguros<\/p>\n","protected":false},"author":1,"featured_media":0,"parent":0,"menu_order":0,"comment_status":"closed","ping_status":"open","template":"","meta":{"site-sidebar-layout":"default","site-content-layout":"","ast-site-content-layout":"default","site-content-style":"default","site-sidebar-style":"default","ast-global-header-display":"","ast-banner-title-visibility":"","ast-main-header-display":"","ast-hfb-above-header-display":"","ast-hfb-below-header-display":"","ast-hfb-mobile-header-display":"","site-post-title":"disabled","ast-breadcrumbs-content":"","ast-featured-img":"","footer-sml-layout":"","ast-disable-related-posts":"","theme-transparent-header-meta":"","adv-header-id-meta":"","stick-header-meta":"","header-above-stick-meta":"","header-main-stick-meta":"","header-below-stick-meta":"","astra-migrate-meta-layouts":"default","ast-page-background-enabled":"default","ast-page-background-meta":{"desktop":{"background-color":"var(--ast-global-color-4)","background-image":"","background-repeat":"repeat","background-position":"center center","background-size":"auto","background-attachment":"scroll","background-type":"","background-media":"","overlay-type":"","overlay-color":"","overlay-opacity":"","overlay-gradient":""},"tablet":{"background-color":"","background-image":"","background-repeat":"repeat","background-position":"center center","background-size":"auto","background-attachment":"scroll","background-type":"","background-media":"","overlay-type":"","overlay-color":"","overlay-opacity":"","overlay-gradient":""},"mobile":{"background-color":"","background-image":"","background-repeat":"repeat","background-position":"center center","background-size":"auto","background-attachment":"scroll","background-type":"","background-media":"","overlay-type":"","overlay-color":"","overlay-opacity":"","overlay-gradient":""}},"ast-content-background-meta":{"desktop":{"background-color":"var(--ast-global-color-5)","background-image":"","background-repeat":"repeat","background-position":"center center","background-size":"auto","background-attachment":"scroll","background-type":"","background-media":"","overlay-type":"","overlay-color":"","overlay-opacity":"","overlay-gradient":""},"tablet":{"background-color":"var(--ast-global-color-5)","background-image":"","background-repeat":"repeat","background-position":"center center","background-size":"auto","background-attachment":"scroll","background-type":"","background-media":"","overlay-type":"","overlay-color":"","overlay-opacity":"","overlay-gradient":""},"mobile":{"background-color":"var(--ast-global-color-5)","background-image":"","background-repeat":"repeat","background-position":"center center","background-size":"auto","background-attachment":"scroll","background-type":"","background-media":"","overlay-type":"","overlay-color":"","overlay-opacity":"","overlay-gradient":""}},"footnotes":""},"class_list":["post-2","page","type-page","status-publish","hentry"],"_links":{"self":[{"href":"https:\/\/www.vegmai.com\/index.php\/wp-json\/wp\/v2\/pages\/2","targetHints":{"allow":["GET"]}}],"collection":[{"href":"https:\/\/www.vegmai.com\/index.php\/wp-json\/wp\/v2\/pages"}],"about":[{"href":"https:\/\/www.vegmai.com\/index.php\/wp-json\/wp\/v2\/types\/page"}],"author":[{"embeddable":true,"href":"https:\/\/www.vegmai.com\/index.php\/wp-json\/wp\/v2\/users\/1"}],"replies":[{"embeddable":true,"href":"https:\/\/www.vegmai.com\/index.php\/wp-json\/wp\/v2\/comments?post=2"}],"version-history":[{"count":62,"href":"https:\/\/www.vegmai.com\/index.php\/wp-json\/wp\/v2\/pages\/2\/revisions"}],"predecessor-version":[{"id":442,"href":"https:\/\/www.vegmai.com\/index.php\/wp-json\/wp\/v2\/pages\/2\/revisions\/442"}],"wp:attachment":[{"href":"https:\/\/www.vegmai.com\/index.php\/wp-json\/wp\/v2\/media?parent=2"}],"curies":[{"name":"wp","href":"https:\/\/api.w.org\/{rel}","templated":true}]}}